{"id":95,"date":"2025-09-01T07:17:50","date_gmt":"2025-09-01T07:17:50","guid":{"rendered":"https:\/\/katinalanlihakauppa.fi\/?page_id=95"},"modified":"2025-09-01T07:17:50","modified_gmt":"2025-09-01T07:17:50","slug":"tuottajille-rahtituotteiden-valmistus","status":"publish","type":"page","link":"https:\/\/katinalanlihakauppa.fi\/?page_id=95","title":{"rendered":"Tuottajille \/ Rahtituotteiden valmistus"},"content":{"rendered":"\n<p>Meill\u00e4 voit valmistaa tilasi omasta lihasta makkarat esimerkiksi omaan tilamyym\u00e4l\u00e4\u00e4n tai tapahtumaan. <\/p>\n\n\n\n<p>Maataloudessa tuotettujen lihojen tulee leimattuja eli virallisesti teurastettuja ja pakattuja. <\/p>\n\n\n\n<p>Riistalihan kanssa noudatamme sit\u00e4 kokevaa lains\u00e4\u00e4d\u00e4nt\u00f6\u00e4, mutta omien riistamakkaroidenkin valmistus onnistuu.<\/p>\n\n\n\n<p>Katinalassa makkaraa valmistetaan p\u00e4\u00e4s\u00e4\u00e4nt\u00f6isesti viikoittain ja lihat tulisi toimittaa edelt\u00e4v\u00e4ll\u00e4 viikolla. Yhden valmiin makkarasatsin koko on noin 22-25 kiloa ja se voidaan pakata meill\u00e4 joko irtotuotteena tai 4+ kappaleen vakuumipaketteihin. <\/p>\n\n\n\n<p>Mik\u00e4li kyseess\u00e4 on jokin muu kuin sikamakkara, suosittelemme lis\u00e4tt\u00e4v\u00e4ksi meid\u00e4n kauttamme saatavaa&nbsp;<a href=\"https:\/\/www.instagram.com\/paijantilateurastamo\/\">@paijantilateurastamo<\/a>:n omaa pihattopossun lihaa makkaran rakenteen vuoksi. T\u00e4ll\u00f6in makkaraer\u00e4\u00e4 kohden tarvitsee toimittaa 12-13 kiloa omaa lihaa.<\/p>\n\n\n\n<p>Loppu valmiista makkaraer\u00e4\u00e4n k\u00e4ytett\u00e4vist\u00e4 raaka-aineista muodostuu mausteista ja vedest\u00e4.<\/p>\n\n\n\n<p>Makkarauuni k\u00e4ynnistyy noin kerran viikossa kes\u00e4 sesongin ulkopuolella ja otamme rahtimakkaroita tuotantoon mahdollisuuksien mukaan. <\/p>\n\n\n\n<p>Lis\u00e4\u00e4 tietoa makkaranvalmistuksesta ja rahtimakkaroista:<\/p>\n\n\n\n<p>info@katinalanlihakauppa.fi<\/p>\n","protected":false},"excerpt":{"rendered":"<p>Meill\u00e4 voit valmistaa tilasi omasta lihasta makkarat esimerkiksi omaan tilamyym\u00e4l\u00e4\u00e4n tai tapahtumaan. Maataloudessa tuotettujen lihojen tulee leimattuja eli virallisesti teurastettuja ja pakattuja. Riistalihan kanssa noudatamme sit\u00e4 kokevaa lains\u00e4\u00e4d\u00e4nt\u00f6\u00e4, mutta omien riistamakkaroidenkin valmistus onnistuu. Katinalassa makkaraa valmistetaan p\u00e4\u00e4s\u00e4\u00e4nt\u00f6isesti viikoittain ja lihat tulisi toimittaa edelt\u00e4v\u00e4ll\u00e4 viikolla. Yhden valmiin makkarasatsin koko on noin 22-25 kiloa ja se voidaan &hellip; <\/p>\n","protected":false},"author":1,"featured_media":0,"parent":0,"menu_order":0,"comment_status":"closed","ping_status":"closed","template":"","meta":{"_themeisle_gutenberg_block_has_review":false,"footnotes":""},"class_list":["post-95","page","type-page","status-publish","hentry"],"yoast_head":"<!-- This site is optimized with the Yoast SEO plugin v27.4 - https:\/\/yoast.com\/product\/yoast-seo-wordpress\/ -->\n<title>Tuottajille \/ Rahtituotteiden valmistus - Katinalan Lihakauppa<\/title>\n<meta name=\"robots\" content=\"index, follow, max-snippet:-1, max-image-preview:large, max-video-preview:-1\" \/>\n<link rel=\"canonical\" href=\"https:\/\/katinalanlihakauppa.fi\/?page_id=95\" \/>\n<meta property=\"og:locale\" content=\"fi_FI\" \/>\n<meta property=\"og:type\" content=\"article\" \/>\n<meta property=\"og:title\" content=\"Tuottajille \/ Rahtituotteiden valmistus - Katinalan Lihakauppa\" \/>\n<meta property=\"og:description\" content=\"Meill\u00e4 voit valmistaa tilasi omasta lihasta makkarat esimerkiksi omaan tilamyym\u00e4l\u00e4\u00e4n tai tapahtumaan. Maataloudessa tuotettujen lihojen tulee leimattuja eli virallisesti teurastettuja ja pakattuja. Riistalihan kanssa noudatamme sit\u00e4 kokevaa lains\u00e4\u00e4d\u00e4nt\u00f6\u00e4, mutta omien riistamakkaroidenkin valmistus onnistuu. Katinalassa makkaraa valmistetaan p\u00e4\u00e4s\u00e4\u00e4nt\u00f6isesti viikoittain ja lihat tulisi toimittaa edelt\u00e4v\u00e4ll\u00e4 viikolla. Yhden valmiin makkarasatsin koko on noin 22-25 kiloa ja se voidaan &hellip;\" \/>\n<meta property=\"og:url\" content=\"https:\/\/katinalanlihakauppa.fi\/?page_id=95\" \/>\n<meta property=\"og:site_name\" content=\"Katinalan Lihakauppa\" \/>\n<meta name=\"twitter:card\" content=\"summary_large_image\" \/>\n<meta name=\"twitter:label1\" content=\"Arvioitu lukuaika\" \/>\n\t<meta name=\"twitter:data1\" content=\"1 minuutti\" \/>\n<script type=\"application\/ld+json\" class=\"yoast-schema-graph\">{\"@context\":\"https:\\\/\\\/schema.org\",\"@graph\":[{\"@type\":\"WebPage\",\"@id\":\"https:\\\/\\\/katinalanlihakauppa.fi\\\/?page_id=95\",\"url\":\"https:\\\/\\\/katinalanlihakauppa.fi\\\/?page_id=95\",\"name\":\"Tuottajille \\\/ Rahtituotteiden valmistus - Katinalan Lihakauppa\",\"isPartOf\":{\"@id\":\"https:\\\/\\\/katinalanlihakauppa.fi\\\/#website\"},\"datePublished\":\"2025-09-01T07:17:50+00:00\",\"breadcrumb\":{\"@id\":\"https:\\\/\\\/katinalanlihakauppa.fi\\\/?page_id=95#breadcrumb\"},\"inLanguage\":\"fi\",\"potentialAction\":[{\"@type\":\"ReadAction\",\"target\":[\"https:\\\/\\\/katinalanlihakauppa.fi\\\/?page_id=95\"]}]},{\"@type\":\"BreadcrumbList\",\"@id\":\"https:\\\/\\\/katinalanlihakauppa.fi\\\/?page_id=95#breadcrumb\",\"itemListElement\":[{\"@type\":\"ListItem\",\"position\":1,\"name\":\"Home\",\"item\":\"https:\\\/\\\/katinalanlihakauppa.fi\\\/\"},{\"@type\":\"ListItem\",\"position\":2,\"name\":\"Tuottajille \\\/ Rahtituotteiden valmistus\"}]},{\"@type\":\"WebSite\",\"@id\":\"https:\\\/\\\/katinalanlihakauppa.fi\\\/#website\",\"url\":\"https:\\\/\\\/katinalanlihakauppa.fi\\\/\",\"name\":\"Katinalan Lihakauppa\",\"description\":\"Katinalan Lihakauppa ja leipomo\",\"publisher\":{\"@id\":\"https:\\\/\\\/katinalanlihakauppa.fi\\\/#organization\"},\"potentialAction\":[{\"@type\":\"SearchAction\",\"target\":{\"@type\":\"EntryPoint\",\"urlTemplate\":\"https:\\\/\\\/katinalanlihakauppa.fi\\\/?s={search_term_string}\"},\"query-input\":{\"@type\":\"PropertyValueSpecification\",\"valueRequired\":true,\"valueName\":\"search_term_string\"}}],\"inLanguage\":\"fi\"},{\"@type\":\"Organization\",\"@id\":\"https:\\\/\\\/katinalanlihakauppa.fi\\\/#organization\",\"name\":\"Katinalan Lihakauppa\",\"url\":\"https:\\\/\\\/katinalanlihakauppa.fi\\\/\",\"logo\":{\"@type\":\"ImageObject\",\"inLanguage\":\"fi\",\"@id\":\"https:\\\/\\\/katinalanlihakauppa.fi\\\/#\\\/schema\\\/logo\\\/image\\\/\",\"url\":\"https:\\\/\\\/katinalanlihakauppa.fi\\\/wp-content\\\/uploads\\\/2026\\\/03\\\/cropped-cropped-Nayttokuva-2025-09-06-095151.png\",\"contentUrl\":\"https:\\\/\\\/katinalanlihakauppa.fi\\\/wp-content\\\/uploads\\\/2026\\\/03\\\/cropped-cropped-Nayttokuva-2025-09-06-095151.png\",\"width\":512,\"height\":512,\"caption\":\"Katinalan Lihakauppa\"},\"image\":{\"@id\":\"https:\\\/\\\/katinalanlihakauppa.fi\\\/#\\\/schema\\\/logo\\\/image\\\/\"}}]}<\/script>\n<!-- \/ Yoast SEO plugin. -->","yoast_head_json":{"title":"Tuottajille \/ Rahtituotteiden valmistus - Katinalan Lihakauppa","robots":{"index":"index","follow":"follow","max-snippet":"max-snippet:-1","max-image-preview":"max-image-preview:large","max-video-preview":"max-video-preview:-1"},"canonical":"https:\/\/katinalanlihakauppa.fi\/?page_id=95","og_locale":"fi_FI","og_type":"article","og_title":"Tuottajille \/ Rahtituotteiden valmistus - Katinalan Lihakauppa","og_description":"Meill\u00e4 voit valmistaa tilasi omasta lihasta makkarat esimerkiksi omaan tilamyym\u00e4l\u00e4\u00e4n tai tapahtumaan. Maataloudessa tuotettujen lihojen tulee leimattuja eli virallisesti teurastettuja ja pakattuja. Riistalihan kanssa noudatamme sit\u00e4 kokevaa lains\u00e4\u00e4d\u00e4nt\u00f6\u00e4, mutta omien riistamakkaroidenkin valmistus onnistuu. Katinalassa makkaraa valmistetaan p\u00e4\u00e4s\u00e4\u00e4nt\u00f6isesti viikoittain ja lihat tulisi toimittaa edelt\u00e4v\u00e4ll\u00e4 viikolla. Yhden valmiin makkarasatsin koko on noin 22-25 kiloa ja se voidaan &hellip;","og_url":"https:\/\/katinalanlihakauppa.fi\/?page_id=95","og_site_name":"Katinalan Lihakauppa","twitter_card":"summary_large_image","twitter_misc":{"Arvioitu lukuaika":"1 minuutti"},"schema":{"@context":"https:\/\/schema.org","@graph":[{"@type":"WebPage","@id":"https:\/\/katinalanlihakauppa.fi\/?page_id=95","url":"https:\/\/katinalanlihakauppa.fi\/?page_id=95","name":"Tuottajille \/ Rahtituotteiden valmistus - Katinalan Lihakauppa","isPartOf":{"@id":"https:\/\/katinalanlihakauppa.fi\/#website"},"datePublished":"2025-09-01T07:17:50+00:00","breadcrumb":{"@id":"https:\/\/katinalanlihakauppa.fi\/?page_id=95#breadcrumb"},"inLanguage":"fi","potentialAction":[{"@type":"ReadAction","target":["https:\/\/katinalanlihakauppa.fi\/?page_id=95"]}]},{"@type":"BreadcrumbList","@id":"https:\/\/katinalanlihakauppa.fi\/?page_id=95#breadcrumb","itemListElement":[{"@type":"ListItem","position":1,"name":"Home","item":"https:\/\/katinalanlihakauppa.fi\/"},{"@type":"ListItem","position":2,"name":"Tuottajille \/ Rahtituotteiden valmistus"}]},{"@type":"WebSite","@id":"https:\/\/katinalanlihakauppa.fi\/#website","url":"https:\/\/katinalanlihakauppa.fi\/","name":"Katinalan Lihakauppa","description":"Katinalan Lihakauppa ja leipomo","publisher":{"@id":"https:\/\/katinalanlihakauppa.fi\/#organization"},"potentialAction":[{"@type":"SearchAction","target":{"@type":"EntryPoint","urlTemplate":"https:\/\/katinalanlihakauppa.fi\/?s={search_term_string}"},"query-input":{"@type":"PropertyValueSpecification","valueRequired":true,"valueName":"search_term_string"}}],"inLanguage":"fi"},{"@type":"Organization","@id":"https:\/\/katinalanlihakauppa.fi\/#organization","name":"Katinalan Lihakauppa","url":"https:\/\/katinalanlihakauppa.fi\/","logo":{"@type":"ImageObject","inLanguage":"fi","@id":"https:\/\/katinalanlihakauppa.fi\/#\/schema\/logo\/image\/","url":"https:\/\/katinalanlihakauppa.fi\/wp-content\/uploads\/2026\/03\/cropped-cropped-Nayttokuva-2025-09-06-095151.png","contentUrl":"https:\/\/katinalanlihakauppa.fi\/wp-content\/uploads\/2026\/03\/cropped-cropped-Nayttokuva-2025-09-06-095151.png","width":512,"height":512,"caption":"Katinalan Lihakauppa"},"image":{"@id":"https:\/\/katinalanlihakauppa.fi\/#\/schema\/logo\/image\/"}}]}},"jetpack_sharing_enabled":true,"_links":{"self":[{"href":"https:\/\/katinalanlihakauppa.fi\/index.php?rest_route=\/wp\/v2\/pages\/95","targetHints":{"allow":["GET"]}}],"collection":[{"href":"https:\/\/katinalanlihakauppa.fi\/index.php?rest_route=\/wp\/v2\/pages"}],"about":[{"href":"https:\/\/katinalanlihakauppa.fi\/index.php?rest_route=\/wp\/v2\/types\/page"}],"author":[{"embeddable":true,"href":"https:\/\/katinalanlihakauppa.fi\/index.php?rest_route=\/wp\/v2\/users\/1"}],"replies":[{"embeddable":true,"href":"https:\/\/katinalanlihakauppa.fi\/index.php?rest_route=%2Fwp%2Fv2%2Fcomments&post=95"}],"version-history":[{"count":1,"href":"https:\/\/katinalanlihakauppa.fi\/index.php?rest_route=\/wp\/v2\/pages\/95\/revisions"}],"predecessor-version":[{"id":97,"href":"https:\/\/katinalanlihakauppa.fi\/index.php?rest_route=\/wp\/v2\/pages\/95\/revisions\/97"}],"wp:attachment":[{"href":"https:\/\/katinalanlihakauppa.fi\/index.php?rest_route=%2Fwp%2Fv2%2Fmedia&parent=95"}],"curies":[{"name":"wp","href":"https:\/\/api.w.org\/{rel}","templated":true}]}}