{"id":78,"date":"2025-09-01T06:29:44","date_gmt":"2025-09-01T06:29:44","guid":{"rendered":"https:\/\/katinalanlihakauppa.fi\/?page_id=78"},"modified":"2026-03-05T10:31:12","modified_gmt":"2026-03-05T10:31:12","slug":"paikallista-riistaa","status":"publish","type":"page","link":"https:\/\/katinalanlihakauppa.fi\/?page_id=78","title":{"rendered":"Paikallista riistaa"},"content":{"rendered":"\n<p>Katinalan lihakaupasta on mahdollista saada paikallista hirven-, peuran- ja kauriin lihaa riistasesongin aikaan, eli syyskuun loppupuolelta jouluun ja mahdollisuuksien mukaan my\u00f6s alkuvuodesta. Mukaan tarvitaan kuitenkin mets\u00e4stysonnea, joten tarkkoja ajankohtia emme pysty suoriltaan lupaamaan. <\/p>\n\n\n\n<p>Ymp\u00e4ri vuoden valikoimassamme on paikallisen fasaanitilan fasaanin rintafilett\u00e4 (pakaste).<\/p>\n\n\n\n<p><strong>Arvio saatavuudesta:<\/strong><\/p>\n\n\n\n<p>T\u00e4ll\u00e4 hetkell\u00e4 saatavilla j\u00e4\u00e4dytetty\u00e4 hirvenlihaa ja  hirvenjauhelihaa (p\u00e4ivitetty 5.3.2026)<\/p>\n\n\n\n<p>Peurasta j\u00e4ljell\u00e4 muutamia paisteja. <\/p>\n\n\n\n<p><strong>Hinnasto hirvi\/peura, saatavilla pakasteena:<\/strong><\/p>\n\n\n\n<p>Jauheliha 29,90 \u20ac\/kg<\/p>\n\n\n\n<p>Keittoliha 24,90 \u20ac\/kg LOPPU<\/p>\n\n\n\n<p>Pataliha 29,90 \u20ac\/kg<\/p>\n\n\n\n<p>Ulko- ja kulmapaisti 39,90 \u20ac\/kg<\/p>\n\n\n\n<p>Paahtopaisti 47,90 \u20ac\/kg<\/p>\n\n\n\n<p>Sis\u00e4paisti 52,90 \u20ac\/kg<\/p>\n\n\n\n<p>Ulkofilee 67,90 \u20ac\/kg<\/p>\n\n\n\n<p>Sis\u00e4filee 81,90 \u20ac\/kg<\/p>\n\n\n\n<p><\/p>\n","protected":false},"excerpt":{"rendered":"<p>Katinalan lihakaupasta on mahdollista saada paikallista hirven-, peuran- ja kauriin lihaa riistasesongin aikaan, eli syyskuun loppupuolelta jouluun ja mahdollisuuksien mukaan my\u00f6s alkuvuodesta. Mukaan tarvitaan kuitenkin mets\u00e4stysonnea, joten tarkkoja ajankohtia emme pysty suoriltaan lupaamaan. Ymp\u00e4ri vuoden valikoimassamme on paikallisen fasaanitilan fasaanin rintafilett\u00e4 (pakaste). Arvio saatavuudesta: T\u00e4ll\u00e4 hetkell\u00e4 saatavilla j\u00e4\u00e4dytetty\u00e4 hirvenlihaa ja hirvenjauhelihaa (p\u00e4ivitetty 5.3.2026) Peurasta j\u00e4ljell\u00e4 &hellip; <\/p>\n","protected":false},"author":1,"featured_media":0,"parent":0,"menu_order":0,"comment_status":"closed","ping_status":"closed","template":"","meta":{"_themeisle_gutenberg_block_has_review":false,"footnotes":""},"class_list":["post-78","page","type-page","status-publish","hentry"],"yoast_head":"<!-- This site is optimized with the Yoast SEO plugin v27.4 - https:\/\/yoast.com\/product\/yoast-seo-wordpress\/ -->\n<title>Paikallista riistaa - Katinalan Lihakauppa<\/title>\n<meta name=\"robots\" content=\"index, follow, max-snippet:-1, max-image-preview:large, max-video-preview:-1\" \/>\n<link rel=\"canonical\" href=\"https:\/\/katinalanlihakauppa.fi\/?page_id=78\" \/>\n<meta property=\"og:locale\" content=\"fi_FI\" \/>\n<meta property=\"og:type\" content=\"article\" \/>\n<meta property=\"og:title\" content=\"Paikallista riistaa - Katinalan Lihakauppa\" \/>\n<meta property=\"og:description\" content=\"Katinalan lihakaupasta on mahdollista saada paikallista hirven-, peuran- ja kauriin lihaa riistasesongin aikaan, eli syyskuun loppupuolelta jouluun ja mahdollisuuksien mukaan my\u00f6s alkuvuodesta. Mukaan tarvitaan kuitenkin mets\u00e4stysonnea, joten tarkkoja ajankohtia emme pysty suoriltaan lupaamaan. Ymp\u00e4ri vuoden valikoimassamme on paikallisen fasaanitilan fasaanin rintafilett\u00e4 (pakaste). Arvio saatavuudesta: T\u00e4ll\u00e4 hetkell\u00e4 saatavilla j\u00e4\u00e4dytetty\u00e4 hirvenlihaa ja hirvenjauhelihaa (p\u00e4ivitetty 5.3.2026) Peurasta j\u00e4ljell\u00e4 &hellip;\" \/>\n<meta property=\"og:url\" content=\"https:\/\/katinalanlihakauppa.fi\/?page_id=78\" \/>\n<meta property=\"og:site_name\" content=\"Katinalan Lihakauppa\" \/>\n<meta property=\"article:modified_time\" content=\"2026-03-05T10:31:12+00:00\" \/>\n<meta name=\"twitter:card\" content=\"summary_large_image\" \/>\n<meta name=\"twitter:label1\" content=\"Arvioitu lukuaika\" \/>\n\t<meta name=\"twitter:data1\" content=\"1 minuutti\" \/>\n<script type=\"application\/ld+json\" class=\"yoast-schema-graph\">{\"@context\":\"https:\\\/\\\/schema.org\",\"@graph\":[{\"@type\":\"WebPage\",\"@id\":\"https:\\\/\\\/katinalanlihakauppa.fi\\\/?page_id=78\",\"url\":\"https:\\\/\\\/katinalanlihakauppa.fi\\\/?page_id=78\",\"name\":\"Paikallista riistaa - Katinalan Lihakauppa\",\"isPartOf\":{\"@id\":\"https:\\\/\\\/katinalanlihakauppa.fi\\\/#website\"},\"datePublished\":\"2025-09-01T06:29:44+00:00\",\"dateModified\":\"2026-03-05T10:31:12+00:00\",\"breadcrumb\":{\"@id\":\"https:\\\/\\\/katinalanlihakauppa.fi\\\/?page_id=78#breadcrumb\"},\"inLanguage\":\"fi\",\"potentialAction\":[{\"@type\":\"ReadAction\",\"target\":[\"https:\\\/\\\/katinalanlihakauppa.fi\\\/?page_id=78\"]}]},{\"@type\":\"BreadcrumbList\",\"@id\":\"https:\\\/\\\/katinalanlihakauppa.fi\\\/?page_id=78#breadcrumb\",\"itemListElement\":[{\"@type\":\"ListItem\",\"position\":1,\"name\":\"Home\",\"item\":\"https:\\\/\\\/katinalanlihakauppa.fi\\\/\"},{\"@type\":\"ListItem\",\"position\":2,\"name\":\"Paikallista riistaa\"}]},{\"@type\":\"WebSite\",\"@id\":\"https:\\\/\\\/katinalanlihakauppa.fi\\\/#website\",\"url\":\"https:\\\/\\\/katinalanlihakauppa.fi\\\/\",\"name\":\"Katinalan Lihakauppa\",\"description\":\"Katinalan Lihakauppa ja leipomo\",\"publisher\":{\"@id\":\"https:\\\/\\\/katinalanlihakauppa.fi\\\/#organization\"},\"potentialAction\":[{\"@type\":\"SearchAction\",\"target\":{\"@type\":\"EntryPoint\",\"urlTemplate\":\"https:\\\/\\\/katinalanlihakauppa.fi\\\/?s={search_term_string}\"},\"query-input\":{\"@type\":\"PropertyValueSpecification\",\"valueRequired\":true,\"valueName\":\"search_term_string\"}}],\"inLanguage\":\"fi\"},{\"@type\":\"Organization\",\"@id\":\"https:\\\/\\\/katinalanlihakauppa.fi\\\/#organization\",\"name\":\"Katinalan Lihakauppa\",\"url\":\"https:\\\/\\\/katinalanlihakauppa.fi\\\/\",\"logo\":{\"@type\":\"ImageObject\",\"inLanguage\":\"fi\",\"@id\":\"https:\\\/\\\/katinalanlihakauppa.fi\\\/#\\\/schema\\\/logo\\\/image\\\/\",\"url\":\"https:\\\/\\\/katinalanlihakauppa.fi\\\/wp-content\\\/uploads\\\/2026\\\/03\\\/cropped-cropped-Nayttokuva-2025-09-06-095151.png\",\"contentUrl\":\"https:\\\/\\\/katinalanlihakauppa.fi\\\/wp-content\\\/uploads\\\/2026\\\/03\\\/cropped-cropped-Nayttokuva-2025-09-06-095151.png\",\"width\":512,\"height\":512,\"caption\":\"Katinalan Lihakauppa\"},\"image\":{\"@id\":\"https:\\\/\\\/katinalanlihakauppa.fi\\\/#\\\/schema\\\/logo\\\/image\\\/\"}}]}<\/script>\n<!-- \/ Yoast SEO plugin. -->","yoast_head_json":{"title":"Paikallista riistaa - Katinalan Lihakauppa","robots":{"index":"index","follow":"follow","max-snippet":"max-snippet:-1","max-image-preview":"max-image-preview:large","max-video-preview":"max-video-preview:-1"},"canonical":"https:\/\/katinalanlihakauppa.fi\/?page_id=78","og_locale":"fi_FI","og_type":"article","og_title":"Paikallista riistaa - Katinalan Lihakauppa","og_description":"Katinalan lihakaupasta on mahdollista saada paikallista hirven-, peuran- ja kauriin lihaa riistasesongin aikaan, eli syyskuun loppupuolelta jouluun ja mahdollisuuksien mukaan my\u00f6s alkuvuodesta. Mukaan tarvitaan kuitenkin mets\u00e4stysonnea, joten tarkkoja ajankohtia emme pysty suoriltaan lupaamaan. Ymp\u00e4ri vuoden valikoimassamme on paikallisen fasaanitilan fasaanin rintafilett\u00e4 (pakaste). Arvio saatavuudesta: T\u00e4ll\u00e4 hetkell\u00e4 saatavilla j\u00e4\u00e4dytetty\u00e4 hirvenlihaa ja hirvenjauhelihaa (p\u00e4ivitetty 5.3.2026) Peurasta j\u00e4ljell\u00e4 &hellip;","og_url":"https:\/\/katinalanlihakauppa.fi\/?page_id=78","og_site_name":"Katinalan Lihakauppa","article_modified_time":"2026-03-05T10:31:12+00:00","twitter_card":"summary_large_image","twitter_misc":{"Arvioitu lukuaika":"1 minuutti"},"schema":{"@context":"https:\/\/schema.org","@graph":[{"@type":"WebPage","@id":"https:\/\/katinalanlihakauppa.fi\/?page_id=78","url":"https:\/\/katinalanlihakauppa.fi\/?page_id=78","name":"Paikallista riistaa - Katinalan Lihakauppa","isPartOf":{"@id":"https:\/\/katinalanlihakauppa.fi\/#website"},"datePublished":"2025-09-01T06:29:44+00:00","dateModified":"2026-03-05T10:31:12+00:00","breadcrumb":{"@id":"https:\/\/katinalanlihakauppa.fi\/?page_id=78#breadcrumb"},"inLanguage":"fi","potentialAction":[{"@type":"ReadAction","target":["https:\/\/katinalanlihakauppa.fi\/?page_id=78"]}]},{"@type":"BreadcrumbList","@id":"https:\/\/katinalanlihakauppa.fi\/?page_id=78#breadcrumb","itemListElement":[{"@type":"ListItem","position":1,"name":"Home","item":"https:\/\/katinalanlihakauppa.fi\/"},{"@type":"ListItem","position":2,"name":"Paikallista riistaa"}]},{"@type":"WebSite","@id":"https:\/\/katinalanlihakauppa.fi\/#website","url":"https:\/\/katinalanlihakauppa.fi\/","name":"Katinalan Lihakauppa","description":"Katinalan Lihakauppa ja leipomo","publisher":{"@id":"https:\/\/katinalanlihakauppa.fi\/#organization"},"potentialAction":[{"@type":"SearchAction","target":{"@type":"EntryPoint","urlTemplate":"https:\/\/katinalanlihakauppa.fi\/?s={search_term_string}"},"query-input":{"@type":"PropertyValueSpecification","valueRequired":true,"valueName":"search_term_string"}}],"inLanguage":"fi"},{"@type":"Organization","@id":"https:\/\/katinalanlihakauppa.fi\/#organization","name":"Katinalan Lihakauppa","url":"https:\/\/katinalanlihakauppa.fi\/","logo":{"@type":"ImageObject","inLanguage":"fi","@id":"https:\/\/katinalanlihakauppa.fi\/#\/schema\/logo\/image\/","url":"https:\/\/katinalanlihakauppa.fi\/wp-content\/uploads\/2026\/03\/cropped-cropped-Nayttokuva-2025-09-06-095151.png","contentUrl":"https:\/\/katinalanlihakauppa.fi\/wp-content\/uploads\/2026\/03\/cropped-cropped-Nayttokuva-2025-09-06-095151.png","width":512,"height":512,"caption":"Katinalan Lihakauppa"},"image":{"@id":"https:\/\/katinalanlihakauppa.fi\/#\/schema\/logo\/image\/"}}]}},"jetpack_sharing_enabled":true,"_links":{"self":[{"href":"https:\/\/katinalanlihakauppa.fi\/index.php?rest_route=\/wp\/v2\/pages\/78","targetHints":{"allow":["GET"]}}],"collection":[{"href":"https:\/\/katinalanlihakauppa.fi\/index.php?rest_route=\/wp\/v2\/pages"}],"about":[{"href":"https:\/\/katinalanlihakauppa.fi\/index.php?rest_route=\/wp\/v2\/types\/page"}],"author":[{"embeddable":true,"href":"https:\/\/katinalanlihakauppa.fi\/index.php?rest_route=\/wp\/v2\/users\/1"}],"replies":[{"embeddable":true,"href":"https:\/\/katinalanlihakauppa.fi\/index.php?rest_route=%2Fwp%2Fv2%2Fcomments&post=78"}],"version-history":[{"count":11,"href":"https:\/\/katinalanlihakauppa.fi\/index.php?rest_route=\/wp\/v2\/pages\/78\/revisions"}],"predecessor-version":[{"id":1009,"href":"https:\/\/katinalanlihakauppa.fi\/index.php?rest_route=\/wp\/v2\/pages\/78\/revisions\/1009"}],"wp:attachment":[{"href":"https:\/\/katinalanlihakauppa.fi\/index.php?rest_route=%2Fwp%2Fv2%2Fmedia&parent=78"}],"curies":[{"name":"wp","href":"https:\/\/api.w.org\/{rel}","templated":true}]}}