{"id":336,"date":"2025-11-15T04:03:31","date_gmt":"2025-11-15T04:03:31","guid":{"rendered":"https:\/\/katinalanlihakauppa.fi\/?page_id=336"},"modified":"2026-04-07T12:48:07","modified_gmt":"2026-04-07T12:48:07","slug":"katinalan-joulu-2025","status":"publish","type":"page","link":"https:\/\/katinalanlihakauppa.fi\/?page_id=336","title":{"rendered":"Kotimainen karitsa"},"content":{"rendered":"\n<p class=\"has-text-align-center\">T\u00e4ll\u00e4 hetkell\u00e4 Katinalasta l\u00f6ytyy pakasteena karitsan lapaa, potkaa ja jauhelihaa. <\/p>\n\n\n\n<p class=\"has-text-align-center\">Seuraavien tuoreiden karitsoiden saapumisesta ei ole viel\u00e4 varmuutta. <\/p>\n\n\n\n<p class=\"has-text-align-center\"><\/p>\n\n\n\n<figure class=\"wp-block-image size-large\"><img loading=\"lazy\" decoding=\"async\" width=\"1024\" height=\"1024\" src=\"https:\/\/katinalanlihakauppa.fi\/wp-content\/uploads\/2026\/03\/IMG_20210603_145617_000-1-1024x1024.jpg\" alt=\"\" class=\"wp-image-1041\" srcset=\"https:\/\/katinalanlihakauppa.fi\/wp-content\/uploads\/2026\/03\/IMG_20210603_145617_000-1-1024x1024.jpg 1024w, https:\/\/katinalanlihakauppa.fi\/wp-content\/uploads\/2026\/03\/IMG_20210603_145617_000-1-300x300.jpg 300w, https:\/\/katinalanlihakauppa.fi\/wp-content\/uploads\/2026\/03\/IMG_20210603_145617_000-1-600x600.jpg 600w, https:\/\/katinalanlihakauppa.fi\/wp-content\/uploads\/2026\/03\/IMG_20210603_145617_000-1-150x150.jpg 150w, https:\/\/katinalanlihakauppa.fi\/wp-content\/uploads\/2026\/03\/IMG_20210603_145617_000-1-768x768.jpg 768w, https:\/\/katinalanlihakauppa.fi\/wp-content\/uploads\/2026\/03\/IMG_20210603_145617_000-1-60x60.jpg 60w, https:\/\/katinalanlihakauppa.fi\/wp-content\/uploads\/2026\/03\/IMG_20210603_145617_000-1-1320x1320.jpg 1320w, https:\/\/katinalanlihakauppa.fi\/wp-content\/uploads\/2026\/03\/IMG_20210603_145617_000-1.jpg 1440w\" sizes=\"auto, (max-width: 1024px) 100vw, 1024px\" \/><\/figure>\n\n\n\n<p><\/p>\n","protected":false},"excerpt":{"rendered":"<p>T\u00e4ll\u00e4 hetkell\u00e4 Katinalasta l\u00f6ytyy pakasteena karitsan lapaa, potkaa ja jauhelihaa. Seuraavien tuoreiden karitsoiden saapumisesta ei ole viel\u00e4 varmuutta.<\/p>\n","protected":false},"author":1,"featured_media":1041,"parent":0,"menu_order":0,"comment_status":"closed","ping_status":"closed","template":"","meta":{"_themeisle_gutenberg_block_has_review":false,"footnotes":""},"class_list":["post-336","page","type-page","status-publish","has-post-thumbnail","hentry"],"yoast_head":"<!-- This site is optimized with the Yoast SEO plugin v27.4 - https:\/\/yoast.com\/product\/yoast-seo-wordpress\/ -->\n<title>Kotimainen karitsa - Katinalan Lihakauppa<\/title>\n<meta name=\"robots\" content=\"index, follow, max-snippet:-1, max-image-preview:large, max-video-preview:-1\" \/>\n<link rel=\"canonical\" href=\"https:\/\/katinalanlihakauppa.fi\/?page_id=336\" \/>\n<meta property=\"og:locale\" content=\"fi_FI\" \/>\n<meta property=\"og:type\" content=\"article\" \/>\n<meta property=\"og:title\" content=\"Kotimainen karitsa - Katinalan Lihakauppa\" \/>\n<meta property=\"og:description\" content=\"T\u00e4ll\u00e4 hetkell\u00e4 Katinalasta l\u00f6ytyy pakasteena karitsan lapaa, potkaa ja jauhelihaa. Seuraavien tuoreiden karitsoiden saapumisesta ei ole viel\u00e4 varmuutta.\" \/>\n<meta property=\"og:url\" content=\"https:\/\/katinalanlihakauppa.fi\/?page_id=336\" \/>\n<meta property=\"og:site_name\" content=\"Katinalan Lihakauppa\" \/>\n<meta property=\"article:modified_time\" content=\"2026-04-07T12:48:07+00:00\" \/>\n<meta property=\"og:image\" content=\"https:\/\/katinalanlihakauppa.fi\/wp-content\/uploads\/2026\/03\/IMG_20210603_145617_000-1.jpg\" \/>\n\t<meta property=\"og:image:width\" content=\"1440\" \/>\n\t<meta property=\"og:image:height\" content=\"1440\" \/>\n\t<meta property=\"og:image:type\" content=\"image\/jpeg\" \/>\n<meta name=\"twitter:card\" content=\"summary_large_image\" \/>\n<meta name=\"twitter:label1\" content=\"Arvioitu lukuaika\" \/>\n\t<meta name=\"twitter:data1\" content=\"1 minuutti\" \/>\n<script type=\"application\/ld+json\" class=\"yoast-schema-graph\">{\"@context\":\"https:\\\/\\\/schema.org\",\"@graph\":[{\"@type\":\"WebPage\",\"@id\":\"https:\\\/\\\/katinalanlihakauppa.fi\\\/?page_id=336\",\"url\":\"https:\\\/\\\/katinalanlihakauppa.fi\\\/?page_id=336\",\"name\":\"Kotimainen karitsa - Katinalan Lihakauppa\",\"isPartOf\":{\"@id\":\"https:\\\/\\\/katinalanlihakauppa.fi\\\/#website\"},\"primaryImageOfPage\":{\"@id\":\"https:\\\/\\\/katinalanlihakauppa.fi\\\/?page_id=336#primaryimage\"},\"image\":{\"@id\":\"https:\\\/\\\/katinalanlihakauppa.fi\\\/?page_id=336#primaryimage\"},\"thumbnailUrl\":\"https:\\\/\\\/katinalanlihakauppa.fi\\\/wp-content\\\/uploads\\\/2026\\\/03\\\/IMG_20210603_145617_000-1.jpg\",\"datePublished\":\"2025-11-15T04:03:31+00:00\",\"dateModified\":\"2026-04-07T12:48:07+00:00\",\"breadcrumb\":{\"@id\":\"https:\\\/\\\/katinalanlihakauppa.fi\\\/?page_id=336#breadcrumb\"},\"inLanguage\":\"fi\",\"potentialAction\":[{\"@type\":\"ReadAction\",\"target\":[\"https:\\\/\\\/katinalanlihakauppa.fi\\\/?page_id=336\"]}]},{\"@type\":\"ImageObject\",\"inLanguage\":\"fi\",\"@id\":\"https:\\\/\\\/katinalanlihakauppa.fi\\\/?page_id=336#primaryimage\",\"url\":\"https:\\\/\\\/katinalanlihakauppa.fi\\\/wp-content\\\/uploads\\\/2026\\\/03\\\/IMG_20210603_145617_000-1.jpg\",\"contentUrl\":\"https:\\\/\\\/katinalanlihakauppa.fi\\\/wp-content\\\/uploads\\\/2026\\\/03\\\/IMG_20210603_145617_000-1.jpg\",\"width\":1440,\"height\":1440},{\"@type\":\"BreadcrumbList\",\"@id\":\"https:\\\/\\\/katinalanlihakauppa.fi\\\/?page_id=336#breadcrumb\",\"itemListElement\":[{\"@type\":\"ListItem\",\"position\":1,\"name\":\"Home\",\"item\":\"https:\\\/\\\/katinalanlihakauppa.fi\\\/\"},{\"@type\":\"ListItem\",\"position\":2,\"name\":\"Kotimainen karitsa\"}]},{\"@type\":\"WebSite\",\"@id\":\"https:\\\/\\\/katinalanlihakauppa.fi\\\/#website\",\"url\":\"https:\\\/\\\/katinalanlihakauppa.fi\\\/\",\"name\":\"Katinalan Lihakauppa\",\"description\":\"Katinalan Lihakauppa ja leipomo\",\"publisher\":{\"@id\":\"https:\\\/\\\/katinalanlihakauppa.fi\\\/#organization\"},\"potentialAction\":[{\"@type\":\"SearchAction\",\"target\":{\"@type\":\"EntryPoint\",\"urlTemplate\":\"https:\\\/\\\/katinalanlihakauppa.fi\\\/?s={search_term_string}\"},\"query-input\":{\"@type\":\"PropertyValueSpecification\",\"valueRequired\":true,\"valueName\":\"search_term_string\"}}],\"inLanguage\":\"fi\"},{\"@type\":\"Organization\",\"@id\":\"https:\\\/\\\/katinalanlihakauppa.fi\\\/#organization\",\"name\":\"Katinalan Lihakauppa\",\"url\":\"https:\\\/\\\/katinalanlihakauppa.fi\\\/\",\"logo\":{\"@type\":\"ImageObject\",\"inLanguage\":\"fi\",\"@id\":\"https:\\\/\\\/katinalanlihakauppa.fi\\\/#\\\/schema\\\/logo\\\/image\\\/\",\"url\":\"https:\\\/\\\/katinalanlihakauppa.fi\\\/wp-content\\\/uploads\\\/2026\\\/03\\\/cropped-cropped-Nayttokuva-2025-09-06-095151.png\",\"contentUrl\":\"https:\\\/\\\/katinalanlihakauppa.fi\\\/wp-content\\\/uploads\\\/2026\\\/03\\\/cropped-cropped-Nayttokuva-2025-09-06-095151.png\",\"width\":512,\"height\":512,\"caption\":\"Katinalan Lihakauppa\"},\"image\":{\"@id\":\"https:\\\/\\\/katinalanlihakauppa.fi\\\/#\\\/schema\\\/logo\\\/image\\\/\"}}]}<\/script>\n<!-- \/ Yoast SEO plugin. -->","yoast_head_json":{"title":"Kotimainen karitsa - Katinalan Lihakauppa","robots":{"index":"index","follow":"follow","max-snippet":"max-snippet:-1","max-image-preview":"max-image-preview:large","max-video-preview":"max-video-preview:-1"},"canonical":"https:\/\/katinalanlihakauppa.fi\/?page_id=336","og_locale":"fi_FI","og_type":"article","og_title":"Kotimainen karitsa - Katinalan Lihakauppa","og_description":"T\u00e4ll\u00e4 hetkell\u00e4 Katinalasta l\u00f6ytyy pakasteena karitsan lapaa, potkaa ja jauhelihaa. Seuraavien tuoreiden karitsoiden saapumisesta ei ole viel\u00e4 varmuutta.","og_url":"https:\/\/katinalanlihakauppa.fi\/?page_id=336","og_site_name":"Katinalan Lihakauppa","article_modified_time":"2026-04-07T12:48:07+00:00","og_image":[{"width":1440,"height":1440,"url":"https:\/\/katinalanlihakauppa.fi\/wp-content\/uploads\/2026\/03\/IMG_20210603_145617_000-1.jpg","type":"image\/jpeg"}],"twitter_card":"summary_large_image","twitter_misc":{"Arvioitu lukuaika":"1 minuutti"},"schema":{"@context":"https:\/\/schema.org","@graph":[{"@type":"WebPage","@id":"https:\/\/katinalanlihakauppa.fi\/?page_id=336","url":"https:\/\/katinalanlihakauppa.fi\/?page_id=336","name":"Kotimainen karitsa - Katinalan Lihakauppa","isPartOf":{"@id":"https:\/\/katinalanlihakauppa.fi\/#website"},"primaryImageOfPage":{"@id":"https:\/\/katinalanlihakauppa.fi\/?page_id=336#primaryimage"},"image":{"@id":"https:\/\/katinalanlihakauppa.fi\/?page_id=336#primaryimage"},"thumbnailUrl":"https:\/\/katinalanlihakauppa.fi\/wp-content\/uploads\/2026\/03\/IMG_20210603_145617_000-1.jpg","datePublished":"2025-11-15T04:03:31+00:00","dateModified":"2026-04-07T12:48:07+00:00","breadcrumb":{"@id":"https:\/\/katinalanlihakauppa.fi\/?page_id=336#breadcrumb"},"inLanguage":"fi","potentialAction":[{"@type":"ReadAction","target":["https:\/\/katinalanlihakauppa.fi\/?page_id=336"]}]},{"@type":"ImageObject","inLanguage":"fi","@id":"https:\/\/katinalanlihakauppa.fi\/?page_id=336#primaryimage","url":"https:\/\/katinalanlihakauppa.fi\/wp-content\/uploads\/2026\/03\/IMG_20210603_145617_000-1.jpg","contentUrl":"https:\/\/katinalanlihakauppa.fi\/wp-content\/uploads\/2026\/03\/IMG_20210603_145617_000-1.jpg","width":1440,"height":1440},{"@type":"BreadcrumbList","@id":"https:\/\/katinalanlihakauppa.fi\/?page_id=336#breadcrumb","itemListElement":[{"@type":"ListItem","position":1,"name":"Home","item":"https:\/\/katinalanlihakauppa.fi\/"},{"@type":"ListItem","position":2,"name":"Kotimainen karitsa"}]},{"@type":"WebSite","@id":"https:\/\/katinalanlihakauppa.fi\/#website","url":"https:\/\/katinalanlihakauppa.fi\/","name":"Katinalan Lihakauppa","description":"Katinalan Lihakauppa ja leipomo","publisher":{"@id":"https:\/\/katinalanlihakauppa.fi\/#organization"},"potentialAction":[{"@type":"SearchAction","target":{"@type":"EntryPoint","urlTemplate":"https:\/\/katinalanlihakauppa.fi\/?s={search_term_string}"},"query-input":{"@type":"PropertyValueSpecification","valueRequired":true,"valueName":"search_term_string"}}],"inLanguage":"fi"},{"@type":"Organization","@id":"https:\/\/katinalanlihakauppa.fi\/#organization","name":"Katinalan Lihakauppa","url":"https:\/\/katinalanlihakauppa.fi\/","logo":{"@type":"ImageObject","inLanguage":"fi","@id":"https:\/\/katinalanlihakauppa.fi\/#\/schema\/logo\/image\/","url":"https:\/\/katinalanlihakauppa.fi\/wp-content\/uploads\/2026\/03\/cropped-cropped-Nayttokuva-2025-09-06-095151.png","contentUrl":"https:\/\/katinalanlihakauppa.fi\/wp-content\/uploads\/2026\/03\/cropped-cropped-Nayttokuva-2025-09-06-095151.png","width":512,"height":512,"caption":"Katinalan Lihakauppa"},"image":{"@id":"https:\/\/katinalanlihakauppa.fi\/#\/schema\/logo\/image\/"}}]}},"jetpack_sharing_enabled":true,"_links":{"self":[{"href":"https:\/\/katinalanlihakauppa.fi\/index.php?rest_route=\/wp\/v2\/pages\/336","targetHints":{"allow":["GET"]}}],"collection":[{"href":"https:\/\/katinalanlihakauppa.fi\/index.php?rest_route=\/wp\/v2\/pages"}],"about":[{"href":"https:\/\/katinalanlihakauppa.fi\/index.php?rest_route=\/wp\/v2\/types\/page"}],"author":[{"embeddable":true,"href":"https:\/\/katinalanlihakauppa.fi\/index.php?rest_route=\/wp\/v2\/users\/1"}],"replies":[{"embeddable":true,"href":"https:\/\/katinalanlihakauppa.fi\/index.php?rest_route=%2Fwp%2Fv2%2Fcomments&post=336"}],"version-history":[{"count":9,"href":"https:\/\/katinalanlihakauppa.fi\/index.php?rest_route=\/wp\/v2\/pages\/336\/revisions"}],"predecessor-version":[{"id":1062,"href":"https:\/\/katinalanlihakauppa.fi\/index.php?rest_route=\/wp\/v2\/pages\/336\/revisions\/1062"}],"wp:featuredmedia":[{"embeddable":true,"href":"https:\/\/katinalanlihakauppa.fi\/index.php?rest_route=\/wp\/v2\/media\/1041"}],"wp:attachment":[{"href":"https:\/\/katinalanlihakauppa.fi\/index.php?rest_route=%2Fwp%2Fv2%2Fmedia&parent=336"}],"curies":[{"name":"wp","href":"https:\/\/api.w.org\/{rel}","templated":true}]}}