{"id":1069,"date":"2026-04-07T13:10:30","date_gmt":"2026-04-07T13:10:30","guid":{"rendered":"https:\/\/katinalanlihakauppa.fi\/?page_id=1069"},"modified":"2026-04-09T13:20:30","modified_gmt":"2026-04-09T13:20:30","slug":"1069-2","status":"publish","type":"page","link":"https:\/\/katinalanlihakauppa.fi\/?page_id=1069","title":{"rendered":"Katinalan Vappu"},"content":{"rendered":"<div class=\"wp-block-image\">\n<figure class=\"aligncenter size-full\"><img loading=\"lazy\" decoding=\"async\" width=\"851\" height=\"315\" src=\"https:\/\/katinalanlihakauppa.fi\/wp-content\/uploads\/2026\/04\/Katinalan-Vappu-2026-1.png\" alt=\"\" class=\"wp-image-1071\" srcset=\"https:\/\/katinalanlihakauppa.fi\/wp-content\/uploads\/2026\/04\/Katinalan-Vappu-2026-1.png 851w, https:\/\/katinalanlihakauppa.fi\/wp-content\/uploads\/2026\/04\/Katinalan-Vappu-2026-1-300x111.png 300w, https:\/\/katinalanlihakauppa.fi\/wp-content\/uploads\/2026\/04\/Katinalan-Vappu-2026-1-768x284.png 768w, https:\/\/katinalanlihakauppa.fi\/wp-content\/uploads\/2026\/04\/Katinalan-Vappu-2026-1-162x60.png 162w, https:\/\/katinalanlihakauppa.fi\/wp-content\/uploads\/2026\/04\/Katinalan-Vappu-2026-1-600x222.png 600w\" sizes=\"auto, (max-width: 851px) 100vw, 851px\" \/><\/figure><\/div>\n\n\n<p class=\"has-text-align-center\">Ennakkovarauksia Katinalan omiin vapputuotteisiin otetaan vastaan 25.4.2026 saakka. <\/p>\n\n\n\n<p class=\"has-text-align-center\">Ennakkovarauslomakkeen voit t\u00e4ytt\u00e4\u00e4 myym\u00e4l\u00e4ss\u00e4mme tai linkist\u00e4 alla.<\/p>\n\n\n\n<div id=\"wp-block-themeisle-blocks-button-group-2efe0457\" class=\"wp-block-themeisle-blocks-button-group wp-block-buttons align-center-desktop\">\n<div id=\"wp-block-themeisle-blocks-button-214f1af8\" class=\"wp-block-themeisle-blocks-button wp-block-button\"><a href=\"https:\/\/docs.google.com\/forms\/d\/e\/1FAIpQLSd9IzqcCX9RkQILGJTz5az85R3csWstOkuC2ZNzvCggjU2fWQ\/viewform\" target=\"_self\" rel=\"noopener noreferrer\" class=\"wp-block-button__link\"><span>Vapun ennakkovarauslomake<\/span><\/a><\/div>\n<\/div>\n\n\n\n<div class=\"wp-block-group is-nowrap is-layout-flex wp-container-core-group-is-layout-ad2f72ca wp-block-group-is-layout-flex\">\n<hr class=\"wp-block-separator has-alpha-channel-opacity\"\/>\n<\/div>\n\n\n\n<hr class=\"wp-block-separator has-alpha-channel-opacity\"\/>\n\n\n\n<p class=\"has-text-align-center\"><strong>Vappuviikon aukioloajat:<\/strong><\/p>\n\n\n\n<p class=\"has-text-align-center\">maanantai 27.4 KIINNI<\/p>\n\n\n\n<p class=\"has-text-align-center\">tiistai 28.4 klo 10.00-17.00<\/p>\n\n\n\n<p class=\"has-text-align-center\">keskiviikko 29.4. klo 10.00-17.00<\/p>\n\n\n\n<p class=\"has-text-align-center\">torstai 30.4 klo 10.00-17.00<\/p>\n\n\n\n<p class=\"has-text-align-center\">perjantai 1.5 KIINNI<\/p>\n\n\n\n<p class=\"has-text-align-center\">lauantai 2.5 klo 9.00-14.00<\/p>\n\n\n\n<p class=\"has-text-align-center\">sunnuntai 3.5 klo KIINNI<\/p>\n\n\n\n<p class=\"has-text-align-center\"><\/p>\n","protected":false},"excerpt":{"rendered":"<p>Ennakkovarauksia Katinalan omiin vapputuotteisiin otetaan vastaan 25.4.2026 saakka. Ennakkovarauslomakkeen voit t\u00e4ytt\u00e4\u00e4 myym\u00e4l\u00e4ss\u00e4mme tai linkist\u00e4 alla. Vappuviikon aukioloajat: maanantai 27.4 KIINNI tiistai 28.4 klo 10.00-17.00 keskiviikko 29.4. klo 10.00-17.00 torstai 30.4 klo 10.00-17.00 perjantai 1.5 KIINNI lauantai 2.5 klo 9.00-14.00 sunnuntai 3.5 klo KIINNI<\/p>\n","protected":false},"author":1,"featured_media":0,"parent":0,"menu_order":0,"comment_status":"closed","ping_status":"closed","template":"","meta":{"_themeisle_gutenberg_block_has_review":false,"footnotes":""},"class_list":["post-1069","page","type-page","status-publish","hentry"],"yoast_head":"<!-- This site is optimized with the Yoast SEO plugin v27.4 - https:\/\/yoast.com\/product\/yoast-seo-wordpress\/ -->\n<title>Katinalan Vappu - Katinalan Lihakauppa<\/title>\n<meta name=\"robots\" content=\"index, follow, max-snippet:-1, max-image-preview:large, max-video-preview:-1\" \/>\n<link rel=\"canonical\" href=\"https:\/\/katinalanlihakauppa.fi\/?page_id=1069\" \/>\n<meta property=\"og:locale\" content=\"fi_FI\" \/>\n<meta property=\"og:type\" content=\"article\" \/>\n<meta property=\"og:title\" content=\"Katinalan Vappu - Katinalan Lihakauppa\" \/>\n<meta property=\"og:description\" content=\"Ennakkovarauksia Katinalan omiin vapputuotteisiin otetaan vastaan 25.4.2026 saakka. Ennakkovarauslomakkeen voit t\u00e4ytt\u00e4\u00e4 myym\u00e4l\u00e4ss\u00e4mme tai linkist\u00e4 alla. Vappuviikon aukioloajat: maanantai 27.4 KIINNI tiistai 28.4 klo 10.00-17.00 keskiviikko 29.4. klo 10.00-17.00 torstai 30.4 klo 10.00-17.00 perjantai 1.5 KIINNI lauantai 2.5 klo 9.00-14.00 sunnuntai 3.5 klo KIINNI\" \/>\n<meta property=\"og:url\" content=\"https:\/\/katinalanlihakauppa.fi\/?page_id=1069\" \/>\n<meta property=\"og:site_name\" content=\"Katinalan Lihakauppa\" \/>\n<meta property=\"article:modified_time\" content=\"2026-04-09T13:20:30+00:00\" \/>\n<meta property=\"og:image\" content=\"https:\/\/katinalanlihakauppa.fi\/wp-content\/uploads\/2026\/04\/Katinalan-Vappu-2026-1.png\" \/>\n\t<meta property=\"og:image:width\" content=\"851\" \/>\n\t<meta property=\"og:image:height\" content=\"315\" \/>\n\t<meta property=\"og:image:type\" content=\"image\/png\" \/>\n<meta name=\"twitter:card\" content=\"summary_large_image\" \/>\n<meta name=\"twitter:label1\" content=\"Arvioitu lukuaika\" \/>\n\t<meta name=\"twitter:data1\" content=\"1 minuutti\" \/>\n<script type=\"application\/ld+json\" class=\"yoast-schema-graph\">{\"@context\":\"https:\\\/\\\/schema.org\",\"@graph\":[{\"@type\":\"WebPage\",\"@id\":\"https:\\\/\\\/katinalanlihakauppa.fi\\\/?page_id=1069\",\"url\":\"https:\\\/\\\/katinalanlihakauppa.fi\\\/?page_id=1069\",\"name\":\"Katinalan Vappu - Katinalan Lihakauppa\",\"isPartOf\":{\"@id\":\"https:\\\/\\\/katinalanlihakauppa.fi\\\/#website\"},\"primaryImageOfPage\":{\"@id\":\"https:\\\/\\\/katinalanlihakauppa.fi\\\/?page_id=1069#primaryimage\"},\"image\":{\"@id\":\"https:\\\/\\\/katinalanlihakauppa.fi\\\/?page_id=1069#primaryimage\"},\"thumbnailUrl\":\"https:\\\/\\\/katinalanlihakauppa.fi\\\/wp-content\\\/uploads\\\/2026\\\/04\\\/Katinalan-Vappu-2026-1.png\",\"datePublished\":\"2026-04-07T13:10:30+00:00\",\"dateModified\":\"2026-04-09T13:20:30+00:00\",\"breadcrumb\":{\"@id\":\"https:\\\/\\\/katinalanlihakauppa.fi\\\/?page_id=1069#breadcrumb\"},\"inLanguage\":\"fi\",\"potentialAction\":[{\"@type\":\"ReadAction\",\"target\":[\"https:\\\/\\\/katinalanlihakauppa.fi\\\/?page_id=1069\"]}]},{\"@type\":\"ImageObject\",\"inLanguage\":\"fi\",\"@id\":\"https:\\\/\\\/katinalanlihakauppa.fi\\\/?page_id=1069#primaryimage\",\"url\":\"https:\\\/\\\/katinalanlihakauppa.fi\\\/wp-content\\\/uploads\\\/2026\\\/04\\\/Katinalan-Vappu-2026-1.png\",\"contentUrl\":\"https:\\\/\\\/katinalanlihakauppa.fi\\\/wp-content\\\/uploads\\\/2026\\\/04\\\/Katinalan-Vappu-2026-1.png\",\"width\":851,\"height\":315},{\"@type\":\"BreadcrumbList\",\"@id\":\"https:\\\/\\\/katinalanlihakauppa.fi\\\/?page_id=1069#breadcrumb\",\"itemListElement\":[{\"@type\":\"ListItem\",\"position\":1,\"name\":\"Home\",\"item\":\"https:\\\/\\\/katinalanlihakauppa.fi\\\/\"},{\"@type\":\"ListItem\",\"position\":2,\"name\":\"Katinalan Vappu\"}]},{\"@type\":\"WebSite\",\"@id\":\"https:\\\/\\\/katinalanlihakauppa.fi\\\/#website\",\"url\":\"https:\\\/\\\/katinalanlihakauppa.fi\\\/\",\"name\":\"Katinalan Lihakauppa\",\"description\":\"Katinalan Lihakauppa ja leipomo\",\"publisher\":{\"@id\":\"https:\\\/\\\/katinalanlihakauppa.fi\\\/#organization\"},\"potentialAction\":[{\"@type\":\"SearchAction\",\"target\":{\"@type\":\"EntryPoint\",\"urlTemplate\":\"https:\\\/\\\/katinalanlihakauppa.fi\\\/?s={search_term_string}\"},\"query-input\":{\"@type\":\"PropertyValueSpecification\",\"valueRequired\":true,\"valueName\":\"search_term_string\"}}],\"inLanguage\":\"fi\"},{\"@type\":\"Organization\",\"@id\":\"https:\\\/\\\/katinalanlihakauppa.fi\\\/#organization\",\"name\":\"Katinalan Lihakauppa\",\"url\":\"https:\\\/\\\/katinalanlihakauppa.fi\\\/\",\"logo\":{\"@type\":\"ImageObject\",\"inLanguage\":\"fi\",\"@id\":\"https:\\\/\\\/katinalanlihakauppa.fi\\\/#\\\/schema\\\/logo\\\/image\\\/\",\"url\":\"https:\\\/\\\/katinalanlihakauppa.fi\\\/wp-content\\\/uploads\\\/2026\\\/03\\\/cropped-cropped-Nayttokuva-2025-09-06-095151.png\",\"contentUrl\":\"https:\\\/\\\/katinalanlihakauppa.fi\\\/wp-content\\\/uploads\\\/2026\\\/03\\\/cropped-cropped-Nayttokuva-2025-09-06-095151.png\",\"width\":512,\"height\":512,\"caption\":\"Katinalan Lihakauppa\"},\"image\":{\"@id\":\"https:\\\/\\\/katinalanlihakauppa.fi\\\/#\\\/schema\\\/logo\\\/image\\\/\"}}]}<\/script>\n<!-- \/ Yoast SEO plugin. -->","yoast_head_json":{"title":"Katinalan Vappu - Katinalan Lihakauppa","robots":{"index":"index","follow":"follow","max-snippet":"max-snippet:-1","max-image-preview":"max-image-preview:large","max-video-preview":"max-video-preview:-1"},"canonical":"https:\/\/katinalanlihakauppa.fi\/?page_id=1069","og_locale":"fi_FI","og_type":"article","og_title":"Katinalan Vappu - Katinalan Lihakauppa","og_description":"Ennakkovarauksia Katinalan omiin vapputuotteisiin otetaan vastaan 25.4.2026 saakka. Ennakkovarauslomakkeen voit t\u00e4ytt\u00e4\u00e4 myym\u00e4l\u00e4ss\u00e4mme tai linkist\u00e4 alla. Vappuviikon aukioloajat: maanantai 27.4 KIINNI tiistai 28.4 klo 10.00-17.00 keskiviikko 29.4. klo 10.00-17.00 torstai 30.4 klo 10.00-17.00 perjantai 1.5 KIINNI lauantai 2.5 klo 9.00-14.00 sunnuntai 3.5 klo KIINNI","og_url":"https:\/\/katinalanlihakauppa.fi\/?page_id=1069","og_site_name":"Katinalan Lihakauppa","article_modified_time":"2026-04-09T13:20:30+00:00","og_image":[{"width":851,"height":315,"url":"https:\/\/katinalanlihakauppa.fi\/wp-content\/uploads\/2026\/04\/Katinalan-Vappu-2026-1.png","type":"image\/png"}],"twitter_card":"summary_large_image","twitter_misc":{"Arvioitu lukuaika":"1 minuutti"},"schema":{"@context":"https:\/\/schema.org","@graph":[{"@type":"WebPage","@id":"https:\/\/katinalanlihakauppa.fi\/?page_id=1069","url":"https:\/\/katinalanlihakauppa.fi\/?page_id=1069","name":"Katinalan Vappu - Katinalan Lihakauppa","isPartOf":{"@id":"https:\/\/katinalanlihakauppa.fi\/#website"},"primaryImageOfPage":{"@id":"https:\/\/katinalanlihakauppa.fi\/?page_id=1069#primaryimage"},"image":{"@id":"https:\/\/katinalanlihakauppa.fi\/?page_id=1069#primaryimage"},"thumbnailUrl":"https:\/\/katinalanlihakauppa.fi\/wp-content\/uploads\/2026\/04\/Katinalan-Vappu-2026-1.png","datePublished":"2026-04-07T13:10:30+00:00","dateModified":"2026-04-09T13:20:30+00:00","breadcrumb":{"@id":"https:\/\/katinalanlihakauppa.fi\/?page_id=1069#breadcrumb"},"inLanguage":"fi","potentialAction":[{"@type":"ReadAction","target":["https:\/\/katinalanlihakauppa.fi\/?page_id=1069"]}]},{"@type":"ImageObject","inLanguage":"fi","@id":"https:\/\/katinalanlihakauppa.fi\/?page_id=1069#primaryimage","url":"https:\/\/katinalanlihakauppa.fi\/wp-content\/uploads\/2026\/04\/Katinalan-Vappu-2026-1.png","contentUrl":"https:\/\/katinalanlihakauppa.fi\/wp-content\/uploads\/2026\/04\/Katinalan-Vappu-2026-1.png","width":851,"height":315},{"@type":"BreadcrumbList","@id":"https:\/\/katinalanlihakauppa.fi\/?page_id=1069#breadcrumb","itemListElement":[{"@type":"ListItem","position":1,"name":"Home","item":"https:\/\/katinalanlihakauppa.fi\/"},{"@type":"ListItem","position":2,"name":"Katinalan Vappu"}]},{"@type":"WebSite","@id":"https:\/\/katinalanlihakauppa.fi\/#website","url":"https:\/\/katinalanlihakauppa.fi\/","name":"Katinalan Lihakauppa","description":"Katinalan Lihakauppa ja leipomo","publisher":{"@id":"https:\/\/katinalanlihakauppa.fi\/#organization"},"potentialAction":[{"@type":"SearchAction","target":{"@type":"EntryPoint","urlTemplate":"https:\/\/katinalanlihakauppa.fi\/?s={search_term_string}"},"query-input":{"@type":"PropertyValueSpecification","valueRequired":true,"valueName":"search_term_string"}}],"inLanguage":"fi"},{"@type":"Organization","@id":"https:\/\/katinalanlihakauppa.fi\/#organization","name":"Katinalan Lihakauppa","url":"https:\/\/katinalanlihakauppa.fi\/","logo":{"@type":"ImageObject","inLanguage":"fi","@id":"https:\/\/katinalanlihakauppa.fi\/#\/schema\/logo\/image\/","url":"https:\/\/katinalanlihakauppa.fi\/wp-content\/uploads\/2026\/03\/cropped-cropped-Nayttokuva-2025-09-06-095151.png","contentUrl":"https:\/\/katinalanlihakauppa.fi\/wp-content\/uploads\/2026\/03\/cropped-cropped-Nayttokuva-2025-09-06-095151.png","width":512,"height":512,"caption":"Katinalan Lihakauppa"},"image":{"@id":"https:\/\/katinalanlihakauppa.fi\/#\/schema\/logo\/image\/"}}]}},"jetpack_sharing_enabled":true,"_links":{"self":[{"href":"https:\/\/katinalanlihakauppa.fi\/index.php?rest_route=\/wp\/v2\/pages\/1069","targetHints":{"allow":["GET"]}}],"collection":[{"href":"https:\/\/katinalanlihakauppa.fi\/index.php?rest_route=\/wp\/v2\/pages"}],"about":[{"href":"https:\/\/katinalanlihakauppa.fi\/index.php?rest_route=\/wp\/v2\/types\/page"}],"author":[{"embeddable":true,"href":"https:\/\/katinalanlihakauppa.fi\/index.php?rest_route=\/wp\/v2\/users\/1"}],"replies":[{"embeddable":true,"href":"https:\/\/katinalanlihakauppa.fi\/index.php?rest_route=%2Fwp%2Fv2%2Fcomments&post=1069"}],"version-history":[{"count":13,"href":"https:\/\/katinalanlihakauppa.fi\/index.php?rest_route=\/wp\/v2\/pages\/1069\/revisions"}],"predecessor-version":[{"id":1132,"href":"https:\/\/katinalanlihakauppa.fi\/index.php?rest_route=\/wp\/v2\/pages\/1069\/revisions\/1132"}],"wp:attachment":[{"href":"https:\/\/katinalanlihakauppa.fi\/index.php?rest_route=%2Fwp%2Fv2%2Fmedia&parent=1069"}],"curies":[{"name":"wp","href":"https:\/\/api.w.org\/{rel}","templated":true}]}}